{"id":87,"date":"2010-07-14T12:38:36","date_gmt":"2010-07-14T12:38:36","guid":{"rendered":"http:\/\/www.kinderhaus-knickweg.de\/kinderhaus\/?page_id=87"},"modified":"2015-11-10T12:46:31","modified_gmt":"2015-11-10T12:46:31","slug":"kita-gutschein","status":"publish","type":"page","link":"https:\/\/www.kinderhaus-knickweg.de\/kinderhaus\/weitere-informationen\/kita-gutschein\/","title":{"rendered":"KiTa-Gutschein"},"content":{"rendered":"<p>Wenn Sie Ihr Kind in einer Kindertagesst\u00e4tte betreuen lassen m\u00f6chten, ben\u00f6tigen Sie einen Kita-Gutschein. Diesen Gutschein k\u00f6nnen Sie beim zust\u00e4ndigen Jugendamt beantragen. In Winterhude wenden Sie sich bitte an die folgende Stelle:<\/p>\n<p>Jugendamt Hamburg Nord | K\u00fcmmellstr. 7 | 20249 Hamburg | Tel. 040.42804-2536<\/p>\n<p>Sprechzeiten:<br \/>\nmontags 8.00 Uhr bis 11.00 Uhr<br \/>\ndienstags 15.00 Uhr bis 18.00 Uhr (nur f\u00fcr Berufst\u00e4tige)<br \/>\ndonnerstags 8.00 Uhr bis 11.00 Uhr<\/p>\n<p>F\u00fcr den Erhalt eines Kita-Gutscheins m\u00fcssen Sie die folgenden Unterlagen einreichen, die Sie hier herunterladen k\u00f6nnen:<\/p>\n<p><a href=\"http:\/\/fhh1.hamburg.de\/Dibis\/form\/pdf\/AS-40a.pdf\" target=\"_blank\">Antrag auf F\u00f6rderung in einer Tageseinrichtung<\/a><br \/>\n<a href=\"http:\/\/fhh1.hamburg.de\/Dibis\/form\/pdf\/AS-40c.pdf\" target=\"_blank\">Antrag auf Fr\u00fchf\u00f6rderung f\u00fcr behinderte und von Behinderung bedrohte Kinder<\/a><br \/>\n<a href=\"http:\/\/fhh1.hamburg.de\/Dibis\/form\/pdf\/AS-74.pdf\">Fragebogen zu den wirtschaftlichen Verh\u00e4ltnissen<\/a><br \/>\n<a href=\"http:\/\/fhh1.hamburg.de\/Dibis\/form\/pdf\/AS-71.pdf\">Anlage zum Fragebogen zu den wirtschaftlichen Verh\u00e4ltnissen<\/a> (f\u00fcr Selbsts\u00e4ndige)<\/p>\n","protected":false},"excerpt":{"rendered":"<p>Wenn Sie Ihr Kind in einer Kindertagesst\u00e4tte betreuen lassen m\u00f6chten, ben\u00f6tigen Sie einen Kita-Gutschein. Diesen Gutschein k\u00f6nnen Sie beim zust\u00e4ndigen Jugendamt beantragen. In Winterhude wenden Sie sich bitte an die folgende Stelle: Jugendamt Hamburg Nord | K\u00fcmmellstr. 7 | 20249 Hamburg | Tel. 040.42804-2536 Sprechzeiten: montags 8.00 Uhr bis 11.00 Uhr dienstags 15.00 Uhr bis &hellip; <a href=\"https:\/\/www.kinderhaus-knickweg.de\/kinderhaus\/weitere-informationen\/kita-gutschein\/\" class=\"more-link\"><span class=\"screen-reader-text\">KiTa-Gutschein<\/span> weiterlesen <span class=\"meta-nav\">&rarr;<\/span><\/a><\/p>\n","protected":false},"author":1,"featured_media":0,"parent":85,"menu_order":0,"comment_status":"closed","ping_status":"closed","template":"","meta":{"spay_email":""},"_links":{"self":[{"href":"https:\/\/www.kinderhaus-knickweg.de\/kinderhaus\/wp-json\/wp\/v2\/pages\/87"}],"collection":[{"href":"https:\/\/www.kinderhaus-knickweg.de\/kinderhaus\/wp-json\/wp\/v2\/pages"}],"about":[{"href":"https:\/\/www.kinderhaus-knickweg.de\/kinderhaus\/wp-json\/wp\/v2\/types\/page"}],"author":[{"embeddable":true,"href":"https:\/\/www.kinderhaus-knickweg.de\/kinderhaus\/wp-json\/wp\/v2\/users\/1"}],"replies":[{"embeddable":true,"href":"https:\/\/www.kinderhaus-knickweg.de\/kinderhaus\/wp-json\/wp\/v2\/comments?post=87"}],"version-history":[{"count":11,"href":"https:\/\/www.kinderhaus-knickweg.de\/kinderhaus\/wp-json\/wp\/v2\/pages\/87\/revisions"}],"predecessor-version":[{"id":424,"href":"https:\/\/www.kinderhaus-knickweg.de\/kinderhaus\/wp-json\/wp\/v2\/pages\/87\/revisions\/424"}],"up":[{"embeddable":true,"href":"https:\/\/www.kinderhaus-knickweg.de\/kinderhaus\/wp-json\/wp\/v2\/pages\/85"}],"wp:attachment":[{"href":"https:\/\/www.kinderhaus-knickweg.de\/kinderhaus\/wp-json\/wp\/v2\/media?parent=87"}],"curies":[{"name":"wp","href":"https:\/\/api.w.org\/{rel}","templated":true}]}}