{"id":58,"date":"2015-03-25T11:38:41","date_gmt":"2015-03-25T11:38:41","guid":{"rendered":"http:\/\/www.kinderhaus-knickweg.de\/kinderhaus\/?page_id=58"},"modified":"2023-03-16T07:14:02","modified_gmt":"2023-03-16T07:14:02","slug":"raume","status":"publish","type":"page","link":"https:\/\/www.kinderhaus-knickweg.de\/kinderhaus\/das-kinderhaus-knickweg-e-v\/raume\/","title":{"rendered":"Die R\u00e4umlichkeiten"},"content":{"rendered":"<p>Unsere R\u00e4umlickeiten werden gerade innerhalb unseres Prozesses der Qualit\u00e4tsentwicklung der SOAL QE \u00fcberarbeitet und ausgestaltet. Wir orientieren uns dabei an den formulierten Rechten der Kinder:<\/p>\n<p style=\"text-align: center;\"><em>&#8222;Kinder haben eine Recht auf Themen, Umgebungen und Materialien, die entdeckendem Lernen Raum geben&#8220;<\/em><\/p>\n<p>Dei R\u00e4ume sind unterteilt in folgende Bereiche:<\/p>\n<p>Rollenspiel und Leseecke (Therapieraum und Garderobe)<\/p>\n<p>kleinteiliges Bauen (Bauraum)<\/p>\n<p>gro\u00dffl\u00e4chiges Bauen und Bewegen (Bewegungsraum)<\/p>\n<p>kreativ, k\u00fcnstlerrische Gestaltung mit Nassbereich (Atelier)<\/p>\n<p>Gesellschaftsspiele, Puzzle etc. (K\u00fcche)<\/p>\n<p>Die drei kleinen Au\u00dfenbereiche laden ein zum matschen, bauen, werkeln<\/p>\n<p>&nbsp;<\/p>\n<p>Die Krippenkinder haben ihr eigenes kleines &#8222;Nest&#8220; mit angrenzendem Schlafraum in dem sie ankommen k\u00f6nnen und von dem aus sie das Kinderhaus erkunden und f\u00fcr sich erobern k\u00f6nnen.<\/p>\n<p>Gegessen wird im offenen K\u00fcchenbereich in 3 unterschiedlichen Zeitfenstern nach Bed\u00fcrfnislage der Kinder.<\/p>\n<p>&nbsp;<\/p>\n<div id='gallery-1' class='gallery galleryid-58 gallery-columns-3 gallery-size-thumbnail'><figure class='gallery-item'>\n\t\t\t<div class='gallery-icon landscape'>\n\t\t\t\t<img width=\"150\" height=\"150\" src=\"https:\/\/www.kinderhaus-knickweg.de\/kinderhaus\/wp-content\/uploads\/2015\/03\/MG_3661-150x150.jpg\" class=\"attachment-thumbnail size-thumbnail\" alt=\"\" decoding=\"async\" loading=\"lazy\" \/>\n\t\t\t<\/div><\/figure><figure class='gallery-item'>\n\t\t\t<div class='gallery-icon landscape'>\n\t\t\t\t<img width=\"150\" height=\"150\" src=\"https:\/\/www.kinderhaus-knickweg.de\/kinderhaus\/wp-content\/uploads\/2015\/03\/MG_8297-150x150.jpg\" class=\"attachment-thumbnail size-thumbnail\" alt=\"\" decoding=\"async\" loading=\"lazy\" \/>\n\t\t\t<\/div><\/figure><figure class='gallery-item'>\n\t\t\t<div class='gallery-icon landscape'>\n\t\t\t\t<img width=\"150\" height=\"150\" src=\"https:\/\/www.kinderhaus-knickweg.de\/kinderhaus\/wp-content\/uploads\/2015\/03\/MG_8557-150x150.jpg\" class=\"attachment-thumbnail size-thumbnail\" alt=\"\" decoding=\"async\" loading=\"lazy\" \/>\n\t\t\t<\/div><\/figure>\n\t\t<\/div>\n\n","protected":false},"excerpt":{"rendered":"<p>Unsere R\u00e4umlickeiten werden gerade innerhalb unseres Prozesses der Qualit\u00e4tsentwicklung der SOAL QE \u00fcberarbeitet und ausgestaltet. Wir orientieren uns dabei an den formulierten Rechten der Kinder: &#8222;Kinder haben eine Recht auf Themen, Umgebungen und Materialien, die entdeckendem Lernen Raum geben&#8220; Dei R\u00e4ume sind unterteilt in folgende Bereiche: Rollenspiel und Leseecke (Therapieraum und Garderobe) kleinteiliges Bauen (Bauraum) &hellip; <a href=\"https:\/\/www.kinderhaus-knickweg.de\/kinderhaus\/das-kinderhaus-knickweg-e-v\/raume\/\" class=\"more-link\"><span class=\"screen-reader-text\">Die R\u00e4umlichkeiten<\/span> weiterlesen <span class=\"meta-nav\">&rarr;<\/span><\/a><\/p>\n","protected":false},"author":1,"featured_media":0,"parent":5,"menu_order":0,"comment_status":"closed","ping_status":"closed","template":"","meta":{"spay_email":""},"_links":{"self":[{"href":"https:\/\/www.kinderhaus-knickweg.de\/kinderhaus\/wp-json\/wp\/v2\/pages\/58"}],"collection":[{"href":"https:\/\/www.kinderhaus-knickweg.de\/kinderhaus\/wp-json\/wp\/v2\/pages"}],"about":[{"href":"https:\/\/www.kinderhaus-knickweg.de\/kinderhaus\/wp-json\/wp\/v2\/types\/page"}],"author":[{"embeddable":true,"href":"https:\/\/www.kinderhaus-knickweg.de\/kinderhaus\/wp-json\/wp\/v2\/users\/1"}],"replies":[{"embeddable":true,"href":"https:\/\/www.kinderhaus-knickweg.de\/kinderhaus\/wp-json\/wp\/v2\/comments?post=58"}],"version-history":[{"count":34,"href":"https:\/\/www.kinderhaus-knickweg.de\/kinderhaus\/wp-json\/wp\/v2\/pages\/58\/revisions"}],"predecessor-version":[{"id":646,"href":"https:\/\/www.kinderhaus-knickweg.de\/kinderhaus\/wp-json\/wp\/v2\/pages\/58\/revisions\/646"}],"up":[{"embeddable":true,"href":"https:\/\/www.kinderhaus-knickweg.de\/kinderhaus\/wp-json\/wp\/v2\/pages\/5"}],"wp:attachment":[{"href":"https:\/\/www.kinderhaus-knickweg.de\/kinderhaus\/wp-json\/wp\/v2\/media?parent=58"}],"curies":[{"name":"wp","href":"https:\/\/api.w.org\/{rel}","templated":true}]}}