{"id":51,"date":"2015-03-25T11:23:45","date_gmt":"2015-03-25T11:23:45","guid":{"rendered":"http:\/\/www.kinderhaus-knickweg.de\/kinderhaus\/?page_id=51"},"modified":"2022-09-06T10:41:06","modified_gmt":"2022-09-06T10:41:06","slug":"kinder","status":"publish","type":"page","link":"https:\/\/www.kinderhaus-knickweg.de\/kinderhaus\/das-kinderhaus-knickweg-e-v\/kinder\/","title":{"rendered":"Die Kinder"},"content":{"rendered":"<p style=\"text-align: center;\">Rund 40 Kinder besuchen von Montag bis Freitag unser Kinderhaus. Altersmischung und die Teilhabe aller Kinder stehen bei uns im Vordergrund. Die Kinder w\u00e4hlen ihre Aktivit\u00e4ten nach individueller Bed\u00fcrfnislage und Entwiklungsstand in Fachr\u00e4umen. Dort finden sie eine Vielzahl an M\u00f6glichkeiten vor sich auszudr\u00fccken und ihren Interessen selbstaktiv nachzugehen, immer in Kooperation mit den vorhandenen Fachr\u00e4ften. Dabei steht bei uns die Beziehungsgestaltung zu den Kindern an erster Stelle. Die Kinder lernen im Spiel von- und miteinander. Vielfalt wird bei uns gelebt und ist nicht nur ein Wort.<\/p>\n<div id='gallery-1' class='gallery galleryid-51 gallery-columns-3 gallery-size-thumbnail'><figure class='gallery-item'>\n\t\t\t<div class='gallery-icon landscape'>\n\t\t\t\t<img width=\"150\" height=\"150\" src=\"https:\/\/www.kinderhaus-knickweg.de\/kinderhaus\/wp-content\/uploads\/2015\/03\/MG_8562-150x150.jpg\" class=\"attachment-thumbnail size-thumbnail\" alt=\"\" decoding=\"async\" loading=\"lazy\" \/>\n\t\t\t<\/div><\/figure><figure class='gallery-item'>\n\t\t\t<div class='gallery-icon landscape'>\n\t\t\t\t<img width=\"150\" height=\"150\" src=\"https:\/\/www.kinderhaus-knickweg.de\/kinderhaus\/wp-content\/uploads\/2015\/03\/MG_8412-150x150.jpg\" class=\"attachment-thumbnail size-thumbnail\" alt=\"\" decoding=\"async\" loading=\"lazy\" \/>\n\t\t\t<\/div><\/figure><figure class='gallery-item'>\n\t\t\t<div class='gallery-icon landscape'>\n\t\t\t\t<img width=\"150\" height=\"150\" src=\"https:\/\/www.kinderhaus-knickweg.de\/kinderhaus\/wp-content\/uploads\/2015\/03\/MG_8421-150x150.jpg\" class=\"attachment-thumbnail size-thumbnail\" alt=\"\" decoding=\"async\" loading=\"lazy\" \/>\n\t\t\t<\/div><\/figure>\n\t\t<\/div>\n\n","protected":false},"excerpt":{"rendered":"<p>Rund 40 Kinder besuchen von Montag bis Freitag unser Kinderhaus. Altersmischung und die Teilhabe aller Kinder stehen bei uns im Vordergrund. Die Kinder w\u00e4hlen ihre Aktivit\u00e4ten nach individueller Bed\u00fcrfnislage und Entwiklungsstand in Fachr\u00e4umen. Dort finden sie eine Vielzahl an M\u00f6glichkeiten vor sich auszudr\u00fccken und ihren Interessen selbstaktiv nachzugehen, immer in Kooperation mit den vorhandenen Fachr\u00e4ften. &hellip; <a href=\"https:\/\/www.kinderhaus-knickweg.de\/kinderhaus\/das-kinderhaus-knickweg-e-v\/kinder\/\" class=\"more-link\"><span class=\"screen-reader-text\">Die Kinder<\/span> weiterlesen <span class=\"meta-nav\">&rarr;<\/span><\/a><\/p>\n","protected":false},"author":1,"featured_media":0,"parent":5,"menu_order":0,"comment_status":"closed","ping_status":"closed","template":"","meta":{"spay_email":""},"_links":{"self":[{"href":"https:\/\/www.kinderhaus-knickweg.de\/kinderhaus\/wp-json\/wp\/v2\/pages\/51"}],"collection":[{"href":"https:\/\/www.kinderhaus-knickweg.de\/kinderhaus\/wp-json\/wp\/v2\/pages"}],"about":[{"href":"https:\/\/www.kinderhaus-knickweg.de\/kinderhaus\/wp-json\/wp\/v2\/types\/page"}],"author":[{"embeddable":true,"href":"https:\/\/www.kinderhaus-knickweg.de\/kinderhaus\/wp-json\/wp\/v2\/users\/1"}],"replies":[{"embeddable":true,"href":"https:\/\/www.kinderhaus-knickweg.de\/kinderhaus\/wp-json\/wp\/v2\/comments?post=51"}],"version-history":[{"count":16,"href":"https:\/\/www.kinderhaus-knickweg.de\/kinderhaus\/wp-json\/wp\/v2\/pages\/51\/revisions"}],"predecessor-version":[{"id":617,"href":"https:\/\/www.kinderhaus-knickweg.de\/kinderhaus\/wp-json\/wp\/v2\/pages\/51\/revisions\/617"}],"up":[{"embeddable":true,"href":"https:\/\/www.kinderhaus-knickweg.de\/kinderhaus\/wp-json\/wp\/v2\/pages\/5"}],"wp:attachment":[{"href":"https:\/\/www.kinderhaus-knickweg.de\/kinderhaus\/wp-json\/wp\/v2\/media?parent=51"}],"curies":[{"name":"wp","href":"https:\/\/api.w.org\/{rel}","templated":true}]}}