{"id":5,"date":"2017-03-03T08:09:52","date_gmt":"2017-03-03T08:09:52","guid":{"rendered":"http:\/\/www.kinderhaus-knickweg.de\/kinderhaus\/?page_id=5"},"modified":"2026-01-19T18:21:20","modified_gmt":"2026-01-19T18:21:20","slug":"das-kinderhaus-knickweg-e-v","status":"publish","type":"page","link":"https:\/\/www.kinderhaus-knickweg.de\/kinderhaus\/","title":{"rendered":"Das Kinderhaus Knickweg"},"content":{"rendered":"<p>Das Kinderhaus Knickweg ist eine inklusive Kindertagesst\u00e4tte, 1988 als Elterninitiative in Hamburg-Winterhude gegr\u00fcndet. Die Eltern der Kinder sind Tr\u00e4ger der Einrichtung.<\/p>\n<p style=\"text-align: left;\">Unser Ziel ist es, jedes Kind als Individuum mit allen seinen Farcetten wahrzunehmen, es durch spezielle Angebote und Aktivit\u00e4ten zu f\u00f6rdern und ihm die individuelle Unterst\u00fctzung zu bieten, die es braucht.<\/p>\n<p style=\"text-align: left;\">Die Teilhabe aller Kinder steht bei uns im Vordergrund. Bei uns spielen und lernen rund 36 Krippen-, Elementar-,Vorschulkinder zusammen. Wir bieten Pl\u00e4tze f\u00fcr Kinder mit einem Gutschein der Eingliederungshilfe an. Die p\u00e4dagogischen Fachkr\u00e4fte schaffen eine famili\u00e4re Atmosph\u00e4re. Das Kinderhaus wird als Doppelspitze von einem Kitafachwirt und einer Sozialp\u00e4dagogin geleitet.<\/p>\n<p style=\"text-align: left;\">Wir haben Montag bis Freitag von 7.00 \u2013 17.00 Uhr ge\u00f6ffnet. Zwischen Weihnachten und Silvester haben wir geschlossen.<\/p>\n<p style=\"text-align: left;\">Unsere Datenschutzerkl\u00e4rung findet ihr <a href=\"http:\/\/www.kinderhaus-knickweg.de\/kinderhaus\/datenschutzerklaerung\/\">hier<\/a>.<\/p>\n<p style=\"text-align: left;\"><strong>Aktuelles<\/strong><\/p>\n<ul style=\"text-align: left;\">\n<li>Der Termin f\u00fcr den n\u00e4chsten Infoabend ist am 18.03.2026 um 19:30 in unseren R\u00e4umlichkeiten<\/li>\n<\/ul>\n<p style=\"text-align: left;\">Wir freuen uns auf Sie,<br \/>\nihr Auswahlteam Neue Kinder\/ neue Eltern<\/p>\n","protected":false},"excerpt":{"rendered":"<p>Das Kinderhaus Knickweg ist eine inklusive Kindertagesst\u00e4tte, 1988 als Elterninitiative in Hamburg-Winterhude gegr\u00fcndet. Die Eltern der Kinder sind Tr\u00e4ger der Einrichtung. Unser Ziel ist es, jedes Kind als Individuum mit allen seinen Farcetten wahrzunehmen, es durch spezielle Angebote und Aktivit\u00e4ten zu f\u00f6rdern und ihm die individuelle Unterst\u00fctzung zu bieten, die es braucht. Die Teilhabe aller &hellip; <a href=\"https:\/\/www.kinderhaus-knickweg.de\/kinderhaus\/\" class=\"more-link\"><span class=\"screen-reader-text\">Das Kinderhaus Knickweg<\/span> weiterlesen <span class=\"meta-nav\">&rarr;<\/span><\/a><\/p>\n","protected":false},"author":1,"featured_media":0,"parent":0,"menu_order":0,"comment_status":"closed","ping_status":"closed","template":"","meta":{"spay_email":""},"_links":{"self":[{"href":"https:\/\/www.kinderhaus-knickweg.de\/kinderhaus\/wp-json\/wp\/v2\/pages\/5"}],"collection":[{"href":"https:\/\/www.kinderhaus-knickweg.de\/kinderhaus\/wp-json\/wp\/v2\/pages"}],"about":[{"href":"https:\/\/www.kinderhaus-knickweg.de\/kinderhaus\/wp-json\/wp\/v2\/types\/page"}],"author":[{"embeddable":true,"href":"https:\/\/www.kinderhaus-knickweg.de\/kinderhaus\/wp-json\/wp\/v2\/users\/1"}],"replies":[{"embeddable":true,"href":"https:\/\/www.kinderhaus-knickweg.de\/kinderhaus\/wp-json\/wp\/v2\/comments?post=5"}],"version-history":[{"count":89,"href":"https:\/\/www.kinderhaus-knickweg.de\/kinderhaus\/wp-json\/wp\/v2\/pages\/5\/revisions"}],"predecessor-version":[{"id":675,"href":"https:\/\/www.kinderhaus-knickweg.de\/kinderhaus\/wp-json\/wp\/v2\/pages\/5\/revisions\/675"}],"wp:attachment":[{"href":"https:\/\/www.kinderhaus-knickweg.de\/kinderhaus\/wp-json\/wp\/v2\/media?parent=5"}],"curies":[{"name":"wp","href":"https:\/\/api.w.org\/{rel}","templated":true}]}}