{"id":48,"date":"2015-03-25T11:20:09","date_gmt":"2015-03-25T11:20:09","guid":{"rendered":"http:\/\/www.kinderhaus-knickweg.de\/kinderhaus\/?page_id=48"},"modified":"2015-03-25T20:28:56","modified_gmt":"2015-03-25T20:28:56","slug":"eltern","status":"publish","type":"page","link":"https:\/\/www.kinderhaus-knickweg.de\/kinderhaus\/das-kinderhaus-knickweg-e-v\/eltern\/","title":{"rendered":"Die Eltern"},"content":{"rendered":"<p>Das Kinderhaus Knickweg e.V. ist eine 1988 gegr\u00fcndete Elterninitiative, d.h. unsere Eltern arbeiten aktiv im Kinderhaus mit. Die Auswahl an Eltern\u00e4mtern, bei denen sich jeder seinen St\u00e4rken und Vorlieben entsprechend einbringen kann, ist gro\u00df: Hausmeistert\u00e4tigkeiten, Buch- und Spielzeugreparaturen, Vorstandsmitgliedschaft, Computerpflege oder Spendenakquise geh\u00f6ren dazu. In jedem Fall gibt es vielseitige und kreative M\u00f6glichkeiten, mitzumachen \u2013 wie, das entscheidet jeder nach Talent und Zeitbudget.<\/p>\n<div id='gallery-1' class='gallery galleryid-48 gallery-columns-3 gallery-size-thumbnail'><figure class='gallery-item'>\n\t\t\t<div class='gallery-icon landscape'>\n\t\t\t\t<img width=\"150\" height=\"150\" src=\"https:\/\/www.kinderhaus-knickweg.de\/kinderhaus\/wp-content\/uploads\/2015\/03\/MG_8473-150x150.jpg\" class=\"attachment-thumbnail size-thumbnail\" alt=\"\" decoding=\"async\" loading=\"lazy\" \/>\n\t\t\t<\/div><\/figure><figure class='gallery-item'>\n\t\t\t<div class='gallery-icon landscape'>\n\t\t\t\t<img width=\"150\" height=\"150\" src=\"https:\/\/www.kinderhaus-knickweg.de\/kinderhaus\/wp-content\/uploads\/2015\/03\/MG_3575-150x150.jpg\" class=\"attachment-thumbnail size-thumbnail\" alt=\"\" decoding=\"async\" loading=\"lazy\" \/>\n\t\t\t<\/div><\/figure><figure class='gallery-item'>\n\t\t\t<div class='gallery-icon portrait'>\n\t\t\t\t<img width=\"150\" height=\"150\" src=\"https:\/\/www.kinderhaus-knickweg.de\/kinderhaus\/wp-content\/uploads\/2015\/03\/MG_3716-150x150.jpg\" class=\"attachment-thumbnail size-thumbnail\" alt=\"\" decoding=\"async\" loading=\"lazy\" \/>\n\t\t\t<\/div><\/figure>\n\t\t<\/div>\n\n","protected":false},"excerpt":{"rendered":"<p>Das Kinderhaus Knickweg e.V. ist eine 1988 gegr\u00fcndete Elterninitiative, d.h. unsere Eltern arbeiten aktiv im Kinderhaus mit. Die Auswahl an Eltern\u00e4mtern, bei denen sich jeder seinen St\u00e4rken und Vorlieben entsprechend einbringen kann, ist gro\u00df: Hausmeistert\u00e4tigkeiten, Buch- und Spielzeugreparaturen, Vorstandsmitgliedschaft, Computerpflege oder Spendenakquise geh\u00f6ren dazu. In jedem Fall gibt es vielseitige und kreative M\u00f6glichkeiten, mitzumachen \u2013 &hellip; <a href=\"https:\/\/www.kinderhaus-knickweg.de\/kinderhaus\/das-kinderhaus-knickweg-e-v\/eltern\/\" class=\"more-link\"><span class=\"screen-reader-text\">Die Eltern<\/span> weiterlesen <span class=\"meta-nav\">&rarr;<\/span><\/a><\/p>\n","protected":false},"author":1,"featured_media":0,"parent":5,"menu_order":0,"comment_status":"closed","ping_status":"closed","template":"","meta":{"spay_email":""},"_links":{"self":[{"href":"https:\/\/www.kinderhaus-knickweg.de\/kinderhaus\/wp-json\/wp\/v2\/pages\/48"}],"collection":[{"href":"https:\/\/www.kinderhaus-knickweg.de\/kinderhaus\/wp-json\/wp\/v2\/pages"}],"about":[{"href":"https:\/\/www.kinderhaus-knickweg.de\/kinderhaus\/wp-json\/wp\/v2\/types\/page"}],"author":[{"embeddable":true,"href":"https:\/\/www.kinderhaus-knickweg.de\/kinderhaus\/wp-json\/wp\/v2\/users\/1"}],"replies":[{"embeddable":true,"href":"https:\/\/www.kinderhaus-knickweg.de\/kinderhaus\/wp-json\/wp\/v2\/comments?post=48"}],"version-history":[{"count":9,"href":"https:\/\/www.kinderhaus-knickweg.de\/kinderhaus\/wp-json\/wp\/v2\/pages\/48\/revisions"}],"predecessor-version":[{"id":380,"href":"https:\/\/www.kinderhaus-knickweg.de\/kinderhaus\/wp-json\/wp\/v2\/pages\/48\/revisions\/380"}],"up":[{"embeddable":true,"href":"https:\/\/www.kinderhaus-knickweg.de\/kinderhaus\/wp-json\/wp\/v2\/pages\/5"}],"wp:attachment":[{"href":"https:\/\/www.kinderhaus-knickweg.de\/kinderhaus\/wp-json\/wp\/v2\/media?parent=48"}],"curies":[{"name":"wp","href":"https:\/\/api.w.org\/{rel}","templated":true}]}}