{"id":42,"date":"2015-03-25T10:50:35","date_gmt":"2015-03-25T10:50:35","guid":{"rendered":"http:\/\/www.kinderhaus-knickweg.de\/kinderhaus\/?page_id=42"},"modified":"2022-09-06T11:19:50","modified_gmt":"2022-09-06T11:19:50","slug":"kinderhaustag","status":"publish","type":"page","link":"https:\/\/www.kinderhaus-knickweg.de\/kinderhaus\/aktivitaten\/kinderhaustag\/","title":{"rendered":"Ein Tag im Kinderhaus"},"content":{"rendered":"<p>Die Kinder k\u00f6nnen ihren Tag im Kinderhaus ab 7.00 Uhr beginnen. Sie werden von den Erziehern begr\u00fc\u00dft und spielen erst einmal nach Lust und Laune. Zwischen 8.30 Uhr und 9.30 Uhr bieten wir ein offenes Fr\u00fchst\u00fcck an.<\/p>\n<p>Montags und Freitags sind unsere festen Spielplatz-Rausgeh-Tage. An beiden Tagen findet das Fr\u00fchst\u00fcck schon auf den jeweiligen Spielpl\u00e4tzen statt. Dabei sind wir wetterfest erprobt! \ud83d\ude42<\/p>\n<p>Die Krippenkinder essen um 11.15 Uhr zu Mittag, das Mittagessen f\u00fcr die Elementarkinder schlie\u00dft sich daran an. Danach, bis etwa 14.00\/ 14:30 Uhr schlafen die &#8222;Kleinen&#8220; und es geht im Kinderhaus ruhiger zu. Die Kinder spielen, basteln oder h\u00f6ren beim Vorlesen einer Geschichte zu. Ab 14.30 Uhr r\u00e4umen wir gemeinsam auf. Anschlie\u00dfend treffen wir uns im Nachmittagskreis. Auch die Elementarkinder haben die M\u00f6glichkeit Mittagsschlaf zu machen.<\/p>\n<p>Der erste Abholzeitraum ist zwischen 14.30 Uhr und 15.00 Uhr. F\u00fcr die Kinder, die im Kinderhaus bleiben, gibt es um 15.30 Uhr Nachtisch. Ebenfalls um 15.30 Uhr beginnt der zweite Abholzeitraum und f\u00fcr die meisten Kinder endet da auch der Tag im Kinderhaus. Bis 17.00 Uhr steht nach Anmeldung ein Sp\u00e4tdienst zur Verf\u00fcgung.<\/p>\n<div id='gallery-1' class='gallery galleryid-42 gallery-columns-3 gallery-size-thumbnail'><figure class='gallery-item'>\n\t\t\t<div class='gallery-icon portrait'>\n\t\t\t\t<img width=\"150\" height=\"150\" src=\"https:\/\/www.kinderhaus-knickweg.de\/kinderhaus\/wp-content\/uploads\/2015\/03\/MG_3625-150x150.jpg\" class=\"attachment-thumbnail size-thumbnail\" alt=\"\" decoding=\"async\" loading=\"lazy\" \/>\n\t\t\t<\/div><\/figure><figure class='gallery-item'>\n\t\t\t<div class='gallery-icon landscape'>\n\t\t\t\t<img width=\"150\" height=\"150\" src=\"https:\/\/www.kinderhaus-knickweg.de\/kinderhaus\/wp-content\/uploads\/2015\/03\/MG_8488-150x150.jpg\" class=\"attachment-thumbnail size-thumbnail\" alt=\"\" decoding=\"async\" loading=\"lazy\" \/>\n\t\t\t<\/div><\/figure><figure class='gallery-item'>\n\t\t\t<div class='gallery-icon landscape'>\n\t\t\t\t<img width=\"150\" height=\"150\" src=\"https:\/\/www.kinderhaus-knickweg.de\/kinderhaus\/wp-content\/uploads\/2015\/03\/MG_3654-150x150.jpg\" class=\"attachment-thumbnail size-thumbnail\" alt=\"\" decoding=\"async\" loading=\"lazy\" \/>\n\t\t\t<\/div><\/figure>\n\t\t<\/div>\n\n","protected":false},"excerpt":{"rendered":"<p>Die Kinder k\u00f6nnen ihren Tag im Kinderhaus ab 7.00 Uhr beginnen. Sie werden von den Erziehern begr\u00fc\u00dft und spielen erst einmal nach Lust und Laune. Zwischen 8.30 Uhr und 9.30 Uhr bieten wir ein offenes Fr\u00fchst\u00fcck an. Montags und Freitags sind unsere festen Spielplatz-Rausgeh-Tage. An beiden Tagen findet das Fr\u00fchst\u00fcck schon auf den jeweiligen Spielpl\u00e4tzen &hellip; <a href=\"https:\/\/www.kinderhaus-knickweg.de\/kinderhaus\/aktivitaten\/kinderhaustag\/\" class=\"more-link\"><span class=\"screen-reader-text\">Ein Tag im Kinderhaus<\/span> weiterlesen <span class=\"meta-nav\">&rarr;<\/span><\/a><\/p>\n","protected":false},"author":1,"featured_media":0,"parent":40,"menu_order":0,"comment_status":"closed","ping_status":"closed","template":"","meta":{"spay_email":""},"_links":{"self":[{"href":"https:\/\/www.kinderhaus-knickweg.de\/kinderhaus\/wp-json\/wp\/v2\/pages\/42"}],"collection":[{"href":"https:\/\/www.kinderhaus-knickweg.de\/kinderhaus\/wp-json\/wp\/v2\/pages"}],"about":[{"href":"https:\/\/www.kinderhaus-knickweg.de\/kinderhaus\/wp-json\/wp\/v2\/types\/page"}],"author":[{"embeddable":true,"href":"https:\/\/www.kinderhaus-knickweg.de\/kinderhaus\/wp-json\/wp\/v2\/users\/1"}],"replies":[{"embeddable":true,"href":"https:\/\/www.kinderhaus-knickweg.de\/kinderhaus\/wp-json\/wp\/v2\/comments?post=42"}],"version-history":[{"count":14,"href":"https:\/\/www.kinderhaus-knickweg.de\/kinderhaus\/wp-json\/wp\/v2\/pages\/42\/revisions"}],"predecessor-version":[{"id":623,"href":"https:\/\/www.kinderhaus-knickweg.de\/kinderhaus\/wp-json\/wp\/v2\/pages\/42\/revisions\/623"}],"up":[{"embeddable":true,"href":"https:\/\/www.kinderhaus-knickweg.de\/kinderhaus\/wp-json\/wp\/v2\/pages\/40"}],"wp:attachment":[{"href":"https:\/\/www.kinderhaus-knickweg.de\/kinderhaus\/wp-json\/wp\/v2\/media?parent=42"}],"curies":[{"name":"wp","href":"https:\/\/api.w.org\/{rel}","templated":true}]}}