{"id":40,"date":"2015-03-25T10:46:32","date_gmt":"2015-03-25T10:46:32","guid":{"rendered":"http:\/\/www.kinderhaus-knickweg.de\/kinderhaus\/?page_id=40"},"modified":"2015-03-25T21:23:47","modified_gmt":"2015-03-25T21:23:47","slug":"aktivitaten","status":"publish","type":"page","link":"https:\/\/www.kinderhaus-knickweg.de\/kinderhaus\/aktivitaten\/","title":{"rendered":"Aktivit\u00e4ten"},"content":{"rendered":"<p>Auf den folgenden Seiten stellen wir die Struktur des Kinderhausalltags kurz dar, damit Sie sich einen \u00dcberblick dar\u00fcber verschaffen k\u00f6nnen. Diese Struktur kann z.B. in den Schulferien abweichend sein.<\/p>\n<div id='gallery-1' class='gallery galleryid-40 gallery-columns-3 gallery-size-thumbnail'><figure class='gallery-item'>\n\t\t\t<div class='gallery-icon landscape'>\n\t\t\t\t<img width=\"150\" height=\"150\" src=\"https:\/\/www.kinderhaus-knickweg.de\/kinderhaus\/wp-content\/uploads\/2015\/03\/MG_8574-150x150.jpg\" class=\"attachment-thumbnail size-thumbnail\" alt=\"\" decoding=\"async\" loading=\"lazy\" \/>\n\t\t\t<\/div><\/figure><figure class='gallery-item'>\n\t\t\t<div class='gallery-icon landscape'>\n\t\t\t\t<img width=\"150\" height=\"150\" src=\"https:\/\/www.kinderhaus-knickweg.de\/kinderhaus\/wp-content\/uploads\/2015\/03\/MG_3567-150x150.jpg\" class=\"attachment-thumbnail size-thumbnail\" alt=\"\" decoding=\"async\" loading=\"lazy\" \/>\n\t\t\t<\/div><\/figure><figure class='gallery-item'>\n\t\t\t<div class='gallery-icon landscape'>\n\t\t\t\t<img width=\"150\" height=\"150\" src=\"https:\/\/www.kinderhaus-knickweg.de\/kinderhaus\/wp-content\/uploads\/2014\/11\/DSC3437-150x150.jpg\" class=\"attachment-thumbnail size-thumbnail\" alt=\"\" decoding=\"async\" loading=\"lazy\" \/>\n\t\t\t<\/div><\/figure>\n\t\t<\/div>\n\n","protected":false},"excerpt":{"rendered":"<p>Auf den folgenden Seiten stellen wir die Struktur des Kinderhausalltags kurz dar, damit Sie sich einen \u00dcberblick dar\u00fcber verschaffen k\u00f6nnen. Diese Struktur kann z.B. in den Schulferien abweichend sein.<\/p>\n","protected":false},"author":1,"featured_media":0,"parent":0,"menu_order":0,"comment_status":"closed","ping_status":"closed","template":"","meta":{"spay_email":""},"_links":{"self":[{"href":"https:\/\/www.kinderhaus-knickweg.de\/kinderhaus\/wp-json\/wp\/v2\/pages\/40"}],"collection":[{"href":"https:\/\/www.kinderhaus-knickweg.de\/kinderhaus\/wp-json\/wp\/v2\/pages"}],"about":[{"href":"https:\/\/www.kinderhaus-knickweg.de\/kinderhaus\/wp-json\/wp\/v2\/types\/page"}],"author":[{"embeddable":true,"href":"https:\/\/www.kinderhaus-knickweg.de\/kinderhaus\/wp-json\/wp\/v2\/users\/1"}],"replies":[{"embeddable":true,"href":"https:\/\/www.kinderhaus-knickweg.de\/kinderhaus\/wp-json\/wp\/v2\/comments?post=40"}],"version-history":[{"count":11,"href":"https:\/\/www.kinderhaus-knickweg.de\/kinderhaus\/wp-json\/wp\/v2\/pages\/40\/revisions"}],"predecessor-version":[{"id":416,"href":"https:\/\/www.kinderhaus-knickweg.de\/kinderhaus\/wp-json\/wp\/v2\/pages\/40\/revisions\/416"}],"wp:attachment":[{"href":"https:\/\/www.kinderhaus-knickweg.de\/kinderhaus\/wp-json\/wp\/v2\/media?parent=40"}],"curies":[{"name":"wp","href":"https:\/\/api.w.org\/{rel}","templated":true}]}}