{"id":277,"date":"2014-09-10T18:02:11","date_gmt":"2014-09-10T18:02:11","guid":{"rendered":"http:\/\/www.kinderhaus-knickweg.de\/kinderhaus\/?page_id=277"},"modified":"2026-01-19T18:22:52","modified_gmt":"2026-01-19T18:22:52","slug":"infoabend","status":"publish","type":"page","link":"https:\/\/www.kinderhaus-knickweg.de\/kinderhaus\/weitere-informationen\/infoabend\/","title":{"rendered":"Infoabend"},"content":{"rendered":"<div dir=\"ltr\">\n<div dir=\"ltr\"><\/div>\n<p><span style=\"font-family: -apple-system, BlinkMacSystemFont, 'Segoe UI', Roboto, Oxygen-Sans, Ubuntu, Cantarell, 'Helvetica Neue', sans-serif;\">Liebe interessierte Eltern,<\/span><\/p>\n<\/div>\n<div dir=\"ltr\">\n<div dir=\"ltr\">\n<p>Der n\u00e4chste Infoabend findet am 18.03.2026 um 19.30 Uhr in Pr\u00e4senz statt.<\/p>\n<p>Wir bieten etwa zweimal j\u00e4hrlich einen Infoabend an, der fr\u00fchzeitig auf unserer Internetseite ver\u00f6ffentlicht wird.<\/p>\n<p>Der Infoabend bietet interessierten Eltern die M\u00f6glichkeit sich im Rahmen der etwa 90 min. Veranstaltung \u00fcber das p\u00e4dagogische Konzept des Kinderhauses zu informieren, einen Eindruck der R\u00e4umlichkeiten zu erhalten und Fragen zum Alltag, dem Leben im Kinderhaus f\u00fcr Kinder und ihre Eltern zu erhalten.<\/p>\n<p>Als Elterninitiative wird dieser Abend, auch zur Entlastung der p\u00e4dagogischen Mitarbeiter, von Elternteilen der laufenden Elternschaft gestaltet.<\/p>\n<p>Nur im Rahmen des Infoabends bietet sich die M\u00f6glichkeit einen Interessentenbogen auszuf\u00fcllen.<\/p>\n<p>Unser Anspruch ist es, entsprechend des Datums des wahrgenommenen Infoabends, dem Gesuch und den freien Betreuungspl\u00e4tzen als auch zur Ausgewogenheit der Kindergruppe, dem Verh\u00e4ltnis von Jungs und M\u00e4dchen, innerhalb der Altersgruppe, die Interessentenb\u00f6gen zu filtern und die Anmeldungen zu ber\u00fccksichtigen.<\/p>\n<p>Wir m\u00f6chten Sie um Verst\u00e4ndnis bitten, dass wir die Zusendung von familienbezogenen Daten aus datenschutzrechtlichen Gr\u00fcnden nicht ber\u00fccksichtigen k\u00f6nnen.<\/p>\n<p>Informationen, Details zum (Auswahl-)Procedere, Kl\u00e4rung freier Betreuungspl\u00e4tze, R\u00fcckmeldung nach Ausf\u00fcllen des Interessentenbogens, zeitlicher Ablauf und auch Hospitationen k\u00fcnftiger Eltern an einem Kinderhaustag erl\u00e4utern wir ausf\u00fchrlich im Rahmen des Infoabends.<\/p>\n<p>Familien die auf der Suche nach einem inklusiven Betreuungsangebot f\u00fcr Ihr Kind sind, bitten wir direkt und unabh\u00e4ngig von dem Besuch des Infoabends, sich in Verbindung mit der Leitung des Kinderhauses zu setzen.<\/p>\n<p>Bitte nutzen Sie hierf\u00fcr die Kontaktadresse der Kinderhausleitung, welche sich zeitnah mit Ihnen in Verbindung setzen wird.<\/p>\n<p>Wir favoriseieren Pl\u00e4tze f\u00fcr 8- und 10-Stunden-Gutscheine, damit unsere p\u00e4dagogischen und konzeptionellen Ideen f\u00fcr die Kinder\u00a0 bestm\u00f6glich umgesetzt werden k\u00f6nnen. Aber auch eine geringere Stundenzahl ist nach Absprache m\u00f6glich.<\/p>\n<p>&nbsp;<\/p>\n<p>&nbsp;<\/p>\n<\/div>\n<\/div>\n","protected":false},"excerpt":{"rendered":"<p>Liebe interessierte Eltern, Der n\u00e4chste Infoabend findet am 18.03.2026 um 19.30 Uhr in Pr\u00e4senz statt. Wir bieten etwa zweimal j\u00e4hrlich einen Infoabend an, der fr\u00fchzeitig auf unserer Internetseite ver\u00f6ffentlicht wird. Der Infoabend bietet interessierten Eltern die M\u00f6glichkeit sich im Rahmen der etwa 90 min. Veranstaltung \u00fcber das p\u00e4dagogische Konzept des Kinderhauses zu informieren, einen Eindruck &hellip; <a href=\"https:\/\/www.kinderhaus-knickweg.de\/kinderhaus\/weitere-informationen\/infoabend\/\" class=\"more-link\"><span class=\"screen-reader-text\">Infoabend<\/span> weiterlesen <span class=\"meta-nav\">&rarr;<\/span><\/a><\/p>\n","protected":false},"author":1,"featured_media":0,"parent":85,"menu_order":0,"comment_status":"closed","ping_status":"closed","template":"","meta":{"spay_email":""},"_links":{"self":[{"href":"https:\/\/www.kinderhaus-knickweg.de\/kinderhaus\/wp-json\/wp\/v2\/pages\/277"}],"collection":[{"href":"https:\/\/www.kinderhaus-knickweg.de\/kinderhaus\/wp-json\/wp\/v2\/pages"}],"about":[{"href":"https:\/\/www.kinderhaus-knickweg.de\/kinderhaus\/wp-json\/wp\/v2\/types\/page"}],"author":[{"embeddable":true,"href":"https:\/\/www.kinderhaus-knickweg.de\/kinderhaus\/wp-json\/wp\/v2\/users\/1"}],"replies":[{"embeddable":true,"href":"https:\/\/www.kinderhaus-knickweg.de\/kinderhaus\/wp-json\/wp\/v2\/comments?post=277"}],"version-history":[{"count":42,"href":"https:\/\/www.kinderhaus-knickweg.de\/kinderhaus\/wp-json\/wp\/v2\/pages\/277\/revisions"}],"predecessor-version":[{"id":676,"href":"https:\/\/www.kinderhaus-knickweg.de\/kinderhaus\/wp-json\/wp\/v2\/pages\/277\/revisions\/676"}],"up":[{"embeddable":true,"href":"https:\/\/www.kinderhaus-knickweg.de\/kinderhaus\/wp-json\/wp\/v2\/pages\/85"}],"wp:attachment":[{"href":"https:\/\/www.kinderhaus-knickweg.de\/kinderhaus\/wp-json\/wp\/v2\/media?parent=277"}],"curies":[{"name":"wp","href":"https:\/\/api.w.org\/{rel}","templated":true}]}}