{"id":25,"date":"2015-03-25T09:28:02","date_gmt":"2015-03-25T09:28:02","guid":{"rendered":"http:\/\/www.kinderhaus-knickweg.de\/kinderhaus\/?page_id=25"},"modified":"2015-03-25T21:25:23","modified_gmt":"2015-03-25T21:25:23","slug":"ernahrung","status":"publish","type":"page","link":"https:\/\/www.kinderhaus-knickweg.de\/kinderhaus\/padagogisches-konzept\/ernahrung\/","title":{"rendered":"Ern\u00e4hrung"},"content":{"rendered":"<p>Wir ern\u00e4hren uns vegetarisch, ausgewogen und abwechslungsreich. Alle Mahlzeiten gibt es bei uns im Haus. F\u00fcr das reichhaltige und kr\u00e4ftige \u201e\u00f6kologische\u201c Fr\u00fchst\u00fcck lassen wir uns von der \u201cGr\u00fcnen Kiste \u201d beliefern. Das Mittagessen, welches Krippen- und Elementarkinder getrennt einnehmen, erhalten wir von der Firma Porschke \u201cEssen f\u00fcr Kinder\u201d.<\/p>\n<p>Nachmittags gibt es einen Nachtisch. Wir beachten dabei grunds\u00e4tzlich eine zucker- und s\u00fc\u00dfigkeitenfreie Ern\u00e4hrung, die von den Kindern angenommen wird. Selbstverst\u00e4ndlich sind wir auch auf Kinder mit Allergien oder di\u00e4tetischem Ern\u00e4hrungsbedarf eingestellt.<\/p>\n<div id='gallery-1' class='gallery galleryid-25 gallery-columns-3 gallery-size-thumbnail'><figure class='gallery-item'>\n\t\t\t<div class='gallery-icon landscape'>\n\t\t\t\t<img width=\"150\" height=\"150\" src=\"https:\/\/www.kinderhaus-knickweg.de\/kinderhaus\/wp-content\/uploads\/2015\/03\/MG_8478-150x150.jpg\" class=\"attachment-thumbnail size-thumbnail\" alt=\"\" decoding=\"async\" loading=\"lazy\" \/>\n\t\t\t<\/div><\/figure><figure class='gallery-item'>\n\t\t\t<div class='gallery-icon landscape'>\n\t\t\t\t<img width=\"150\" height=\"150\" src=\"https:\/\/www.kinderhaus-knickweg.de\/kinderhaus\/wp-content\/uploads\/2015\/03\/MG_8372-150x150.jpg\" class=\"attachment-thumbnail size-thumbnail\" alt=\"\" decoding=\"async\" loading=\"lazy\" \/>\n\t\t\t<\/div><\/figure><figure class='gallery-item'>\n\t\t\t<div class='gallery-icon landscape'>\n\t\t\t\t<img width=\"150\" height=\"150\" src=\"https:\/\/www.kinderhaus-knickweg.de\/kinderhaus\/wp-content\/uploads\/2015\/03\/MG_3789-150x150.jpg\" class=\"attachment-thumbnail size-thumbnail\" alt=\"\" decoding=\"async\" loading=\"lazy\" \/>\n\t\t\t<\/div><\/figure>\n\t\t<\/div>\n\n","protected":false},"excerpt":{"rendered":"<p>Wir ern\u00e4hren uns vegetarisch, ausgewogen und abwechslungsreich. Alle Mahlzeiten gibt es bei uns im Haus. F\u00fcr das reichhaltige und kr\u00e4ftige \u201e\u00f6kologische\u201c Fr\u00fchst\u00fcck lassen wir uns von der \u201cGr\u00fcnen Kiste \u201d beliefern. Das Mittagessen, welches Krippen- und Elementarkinder getrennt einnehmen, erhalten wir von der Firma Porschke \u201cEssen f\u00fcr Kinder\u201d. Nachmittags gibt es einen Nachtisch. Wir beachten &hellip; <a href=\"https:\/\/www.kinderhaus-knickweg.de\/kinderhaus\/padagogisches-konzept\/ernahrung\/\" class=\"more-link\"><span class=\"screen-reader-text\">Ern\u00e4hrung<\/span> weiterlesen <span class=\"meta-nav\">&rarr;<\/span><\/a><\/p>\n","protected":false},"author":1,"featured_media":0,"parent":16,"menu_order":0,"comment_status":"closed","ping_status":"closed","template":"","meta":{"spay_email":""},"_links":{"self":[{"href":"https:\/\/www.kinderhaus-knickweg.de\/kinderhaus\/wp-json\/wp\/v2\/pages\/25"}],"collection":[{"href":"https:\/\/www.kinderhaus-knickweg.de\/kinderhaus\/wp-json\/wp\/v2\/pages"}],"about":[{"href":"https:\/\/www.kinderhaus-knickweg.de\/kinderhaus\/wp-json\/wp\/v2\/types\/page"}],"author":[{"embeddable":true,"href":"https:\/\/www.kinderhaus-knickweg.de\/kinderhaus\/wp-json\/wp\/v2\/users\/1"}],"replies":[{"embeddable":true,"href":"https:\/\/www.kinderhaus-knickweg.de\/kinderhaus\/wp-json\/wp\/v2\/comments?post=25"}],"version-history":[{"count":9,"href":"https:\/\/www.kinderhaus-knickweg.de\/kinderhaus\/wp-json\/wp\/v2\/pages\/25\/revisions"}],"predecessor-version":[{"id":417,"href":"https:\/\/www.kinderhaus-knickweg.de\/kinderhaus\/wp-json\/wp\/v2\/pages\/25\/revisions\/417"}],"up":[{"embeddable":true,"href":"https:\/\/www.kinderhaus-knickweg.de\/kinderhaus\/wp-json\/wp\/v2\/pages\/16"}],"wp:attachment":[{"href":"https:\/\/www.kinderhaus-knickweg.de\/kinderhaus\/wp-json\/wp\/v2\/media?parent=25"}],"curies":[{"name":"wp","href":"https:\/\/api.w.org\/{rel}","templated":true}]}}