{"id":18,"date":"2015-03-25T09:15:02","date_gmt":"2015-03-25T09:15:02","guid":{"rendered":"http:\/\/www.kinderhaus-knickweg.de\/kinderhaus\/?page_id=18"},"modified":"2022-09-06T11:04:36","modified_gmt":"2022-09-06T11:04:36","slug":"bewegung","status":"publish","type":"page","link":"https:\/\/www.kinderhaus-knickweg.de\/kinderhaus\/padagogisches-konzept\/bewegung\/","title":{"rendered":"Bewegung"},"content":{"rendered":"<p>Kinder erobern sich ihre Welt \u00fcber Bewegung und Wahrnehmung. Sie entwickeln auf diesem Wege ihre Gef\u00fchle und ihre Pers\u00f6nlichkeit. F\u00fcr die k\u00f6rperlich-motorische und geistig-seelische Entwicklung ist es daher wichtig, dass Kinder ihren nat\u00fcrlichen Bewegungsdrang ausleben k\u00f6nnen.<\/p>\n<p>Im Kinderhaus gibt es gro\u00dfz\u00fcgige R\u00e4ume zum Spielen und entdecken, in denen die Kinder sich bewegen und erfahren k\u00f6nnen. Aktivit\u00e4ten wie Psychomotorik, Rhythmik, Waldtage, Reiten und Schwimmen bieten vielf\u00e4ltigen Anlass zur Entdeckung des eigenen K\u00f6rpers. Die intrinsische Motivation etwas zu schaffen und die Selbstwirksamkeit der Kinder steht bei allen T\u00e4tigkeiten der Kinder im Vordergrund.<\/p>\n<div id='gallery-1' class='gallery galleryid-18 gallery-columns-3 gallery-size-thumbnail'><figure class='gallery-item'>\n\t\t\t<div class='gallery-icon landscape'>\n\t\t\t\t<img width=\"150\" height=\"150\" src=\"https:\/\/www.kinderhaus-knickweg.de\/kinderhaus\/wp-content\/uploads\/2015\/03\/MG_8517-150x150.jpg\" class=\"attachment-thumbnail size-thumbnail\" alt=\"\" decoding=\"async\" loading=\"lazy\" \/>\n\t\t\t<\/div><\/figure><figure class='gallery-item'>\n\t\t\t<div class='gallery-icon landscape'>\n\t\t\t\t<img width=\"150\" height=\"150\" src=\"https:\/\/www.kinderhaus-knickweg.de\/kinderhaus\/wp-content\/uploads\/2015\/03\/MG_8306-150x150.jpg\" class=\"attachment-thumbnail size-thumbnail\" alt=\"\" decoding=\"async\" loading=\"lazy\" \/>\n\t\t\t<\/div><\/figure><figure class='gallery-item'>\n\t\t\t<div class='gallery-icon landscape'>\n\t\t\t\t<img width=\"150\" height=\"150\" src=\"https:\/\/www.kinderhaus-knickweg.de\/kinderhaus\/wp-content\/uploads\/2015\/03\/MG_8322-150x150.jpg\" class=\"attachment-thumbnail size-thumbnail\" alt=\"\" decoding=\"async\" loading=\"lazy\" \/>\n\t\t\t<\/div><\/figure>\n\t\t<\/div>\n\n","protected":false},"excerpt":{"rendered":"<p>Kinder erobern sich ihre Welt \u00fcber Bewegung und Wahrnehmung. Sie entwickeln auf diesem Wege ihre Gef\u00fchle und ihre Pers\u00f6nlichkeit. F\u00fcr die k\u00f6rperlich-motorische und geistig-seelische Entwicklung ist es daher wichtig, dass Kinder ihren nat\u00fcrlichen Bewegungsdrang ausleben k\u00f6nnen. Im Kinderhaus gibt es gro\u00dfz\u00fcgige R\u00e4ume zum Spielen und entdecken, in denen die Kinder sich bewegen und erfahren k\u00f6nnen. &hellip; <a href=\"https:\/\/www.kinderhaus-knickweg.de\/kinderhaus\/padagogisches-konzept\/bewegung\/\" class=\"more-link\"><span class=\"screen-reader-text\">Bewegung<\/span> weiterlesen <span class=\"meta-nav\">&rarr;<\/span><\/a><\/p>\n","protected":false},"author":1,"featured_media":0,"parent":16,"menu_order":0,"comment_status":"closed","ping_status":"closed","template":"","meta":{"spay_email":""},"_links":{"self":[{"href":"https:\/\/www.kinderhaus-knickweg.de\/kinderhaus\/wp-json\/wp\/v2\/pages\/18"}],"collection":[{"href":"https:\/\/www.kinderhaus-knickweg.de\/kinderhaus\/wp-json\/wp\/v2\/pages"}],"about":[{"href":"https:\/\/www.kinderhaus-knickweg.de\/kinderhaus\/wp-json\/wp\/v2\/types\/page"}],"author":[{"embeddable":true,"href":"https:\/\/www.kinderhaus-knickweg.de\/kinderhaus\/wp-json\/wp\/v2\/users\/1"}],"replies":[{"embeddable":true,"href":"https:\/\/www.kinderhaus-knickweg.de\/kinderhaus\/wp-json\/wp\/v2\/comments?post=18"}],"version-history":[{"count":7,"href":"https:\/\/www.kinderhaus-knickweg.de\/kinderhaus\/wp-json\/wp\/v2\/pages\/18\/revisions"}],"predecessor-version":[{"id":621,"href":"https:\/\/www.kinderhaus-knickweg.de\/kinderhaus\/wp-json\/wp\/v2\/pages\/18\/revisions\/621"}],"up":[{"embeddable":true,"href":"https:\/\/www.kinderhaus-knickweg.de\/kinderhaus\/wp-json\/wp\/v2\/pages\/16"}],"wp:attachment":[{"href":"https:\/\/www.kinderhaus-knickweg.de\/kinderhaus\/wp-json\/wp\/v2\/media?parent=18"}],"curies":[{"name":"wp","href":"https:\/\/api.w.org\/{rel}","templated":true}]}}