{"id":175,"date":"2014-09-09T09:04:38","date_gmt":"2014-09-09T09:04:38","guid":{"rendered":"http:\/\/www.kinderhaus-knickweg.de\/kinderhaus\/"},"modified":"2022-09-06T11:31:58","modified_gmt":"2022-09-06T11:31:58","slug":"behinderte-kinder","status":"publish","type":"page","link":"https:\/\/www.kinderhaus-knickweg.de\/kinderhaus\/weitere-informationen\/behinderte-kinder\/","title":{"rendered":"Pl\u00e4tze mit Eingliederungshilfe"},"content":{"rendered":"<p>Bei Kindern mit erh\u00f6htem F\u00f6rderbedarf und Kinder die einen Kita Gutschein mit Eingliederungshilfe ben\u00f6tigen richtet sich die Kita-Gutscheinerteilung nach dem F\u00f6rderbedarf des Kindes. Voraussetzung f\u00fcr die Bewilligung ist eine Gutachterliche Stellungnahme des zust\u00e4ndigen jugendpsychiatrischen Dienstes oder des Beratungszentrums Sehen, H\u00f6ren, Bewegen, Sprechen. Nehmen Sie dazu gerne Kontakt mit Carola Eggersgl\u00fc\u00df (Kita-Leitung) auf \u00fcber info@kinderhaus-knickweg.de<\/p>\n<p>Weitere Informationen finden Sie unter <a href=\"http:\/\/www.kitainfo-hamburg.de\" target=\"_blank\" rel=\"noopener\">www.kitainfo-hamburg.de<\/a> oder Sie rufen bei uns im Kinderhaus an.<\/p>\n<p><a href=\"http:\/\/www.kitainfo-hamburg.de\/\">\u00a0<\/a><\/p>\n","protected":false},"excerpt":{"rendered":"<p>Bei Kindern mit erh\u00f6htem F\u00f6rderbedarf und Kinder die einen Kita Gutschein mit Eingliederungshilfe ben\u00f6tigen richtet sich die Kita-Gutscheinerteilung nach dem F\u00f6rderbedarf des Kindes. Voraussetzung f\u00fcr die Bewilligung ist eine Gutachterliche Stellungnahme des zust\u00e4ndigen jugendpsychiatrischen Dienstes oder des Beratungszentrums Sehen, H\u00f6ren, Bewegen, Sprechen. Nehmen Sie dazu gerne Kontakt mit Carola Eggersgl\u00fc\u00df (Kita-Leitung) auf \u00fcber info@kinderhaus-knickweg.de Weitere &hellip; <a href=\"https:\/\/www.kinderhaus-knickweg.de\/kinderhaus\/weitere-informationen\/behinderte-kinder\/\" class=\"more-link\"><span class=\"screen-reader-text\">Pl\u00e4tze mit Eingliederungshilfe<\/span> weiterlesen <span class=\"meta-nav\">&rarr;<\/span><\/a><\/p>\n","protected":false},"author":1,"featured_media":0,"parent":85,"menu_order":0,"comment_status":"closed","ping_status":"closed","template":"","meta":{"spay_email":""},"_links":{"self":[{"href":"https:\/\/www.kinderhaus-knickweg.de\/kinderhaus\/wp-json\/wp\/v2\/pages\/175"}],"collection":[{"href":"https:\/\/www.kinderhaus-knickweg.de\/kinderhaus\/wp-json\/wp\/v2\/pages"}],"about":[{"href":"https:\/\/www.kinderhaus-knickweg.de\/kinderhaus\/wp-json\/wp\/v2\/types\/page"}],"author":[{"embeddable":true,"href":"https:\/\/www.kinderhaus-knickweg.de\/kinderhaus\/wp-json\/wp\/v2\/users\/1"}],"replies":[{"embeddable":true,"href":"https:\/\/www.kinderhaus-knickweg.de\/kinderhaus\/wp-json\/wp\/v2\/comments?post=175"}],"version-history":[{"count":12,"href":"https:\/\/www.kinderhaus-knickweg.de\/kinderhaus\/wp-json\/wp\/v2\/pages\/175\/revisions"}],"predecessor-version":[{"id":628,"href":"https:\/\/www.kinderhaus-knickweg.de\/kinderhaus\/wp-json\/wp\/v2\/pages\/175\/revisions\/628"}],"up":[{"embeddable":true,"href":"https:\/\/www.kinderhaus-knickweg.de\/kinderhaus\/wp-json\/wp\/v2\/pages\/85"}],"wp:attachment":[{"href":"https:\/\/www.kinderhaus-knickweg.de\/kinderhaus\/wp-json\/wp\/v2\/media?parent=175"}],"curies":[{"name":"wp","href":"https:\/\/api.w.org\/{rel}","templated":true}]}}