{"id":16,"date":"2015-03-25T09:07:56","date_gmt":"2015-03-25T09:07:56","guid":{"rendered":"http:\/\/www.kinderhaus-knickweg.de\/kinderhaus\/?page_id=16"},"modified":"2015-03-25T20:56:16","modified_gmt":"2015-03-25T20:56:16","slug":"padagogisches-konzept","status":"publish","type":"page","link":"https:\/\/www.kinderhaus-knickweg.de\/kinderhaus\/padagogisches-konzept\/","title":{"rendered":"P\u00e4dagogisches Konzept"},"content":{"rendered":"<p>Wir wollen, dass sich unsere Kinder im Kinderhaus rundum wohl f\u00fchlen, gerne zu uns kommen und optimal betreut werden. Die Entfaltung der Pers\u00f6nlichkeit unserer Kinder steht im Vordergrund. Wir arbeiten naturbezogen, situations- und bewegungsorientiert.<\/p>\n<p>Unseren Alltag gestalten wir bunt und lebendig: Wir kleistern, kneten, planschen, malen und lernen viele Materialien kennen. Bei Wind und Wetter sind wir drau\u00dfen. Toberaum, H\u00e4ngematte, Spielecken und Werkraum laden zum Kuscheln, Toben, Lesen, Basteln und Spielen ein. Mit Kreisen, T\u00e4nzen und Spielen gehen wir intensiv aufeinander ein und tauschen uns st\u00e4ndig gegenseitig aus. Kinder mit und ohne Behinderung k\u00f6nnen bei uns mit viel Spa\u00df und Fantasie gemeinsam die Welt entdecken und erobern. Psychomotorisches Turnen, therapeutisches Reiten, Schwimmen, Rhythmik und Ausfl\u00fcge in den Wald sind Bestandteil unseres p\u00e4dagogischen Konzepts.<\/p>\n<div id='gallery-1' class='gallery galleryid-16 gallery-columns-3 gallery-size-thumbnail'><figure class='gallery-item'>\n\t\t\t<div class='gallery-icon landscape'>\n\t\t\t\t<img width=\"150\" height=\"150\" src=\"https:\/\/www.kinderhaus-knickweg.de\/kinderhaus\/wp-content\/uploads\/2015\/03\/MG_8436-150x150.jpg\" class=\"attachment-thumbnail size-thumbnail\" alt=\"\" decoding=\"async\" loading=\"lazy\" \/>\n\t\t\t<\/div><\/figure><figure class='gallery-item'>\n\t\t\t<div class='gallery-icon landscape'>\n\t\t\t\t<img width=\"150\" height=\"150\" src=\"https:\/\/www.kinderhaus-knickweg.de\/kinderhaus\/wp-content\/uploads\/2015\/03\/MG_8433-150x150.jpg\" class=\"attachment-thumbnail size-thumbnail\" alt=\"\" decoding=\"async\" loading=\"lazy\" \/>\n\t\t\t<\/div><\/figure><figure class='gallery-item'>\n\t\t\t<div class='gallery-icon landscape'>\n\t\t\t\t<img width=\"150\" height=\"150\" src=\"https:\/\/www.kinderhaus-knickweg.de\/kinderhaus\/wp-content\/uploads\/2015\/03\/MG_8327-150x150.jpg\" class=\"attachment-thumbnail size-thumbnail\" alt=\"\" decoding=\"async\" loading=\"lazy\" \/>\n\t\t\t<\/div><\/figure>\n\t\t<\/div>\n\n","protected":false},"excerpt":{"rendered":"<p>Wir wollen, dass sich unsere Kinder im Kinderhaus rundum wohl f\u00fchlen, gerne zu uns kommen und optimal betreut werden. Die Entfaltung der Pers\u00f6nlichkeit unserer Kinder steht im Vordergrund. Wir arbeiten naturbezogen, situations- und bewegungsorientiert. Unseren Alltag gestalten wir bunt und lebendig: Wir kleistern, kneten, planschen, malen und lernen viele Materialien kennen. Bei Wind und Wetter &hellip; <a href=\"https:\/\/www.kinderhaus-knickweg.de\/kinderhaus\/padagogisches-konzept\/\" class=\"more-link\"><span class=\"screen-reader-text\">P\u00e4dagogisches Konzept<\/span> weiterlesen <span class=\"meta-nav\">&rarr;<\/span><\/a><\/p>\n","protected":false},"author":1,"featured_media":0,"parent":0,"menu_order":0,"comment_status":"closed","ping_status":"closed","template":"","meta":{"spay_email":""},"_links":{"self":[{"href":"https:\/\/www.kinderhaus-knickweg.de\/kinderhaus\/wp-json\/wp\/v2\/pages\/16"}],"collection":[{"href":"https:\/\/www.kinderhaus-knickweg.de\/kinderhaus\/wp-json\/wp\/v2\/pages"}],"about":[{"href":"https:\/\/www.kinderhaus-knickweg.de\/kinderhaus\/wp-json\/wp\/v2\/types\/page"}],"author":[{"embeddable":true,"href":"https:\/\/www.kinderhaus-knickweg.de\/kinderhaus\/wp-json\/wp\/v2\/users\/1"}],"replies":[{"embeddable":true,"href":"https:\/\/www.kinderhaus-knickweg.de\/kinderhaus\/wp-json\/wp\/v2\/comments?post=16"}],"version-history":[{"count":20,"href":"https:\/\/www.kinderhaus-knickweg.de\/kinderhaus\/wp-json\/wp\/v2\/pages\/16\/revisions"}],"predecessor-version":[{"id":402,"href":"https:\/\/www.kinderhaus-knickweg.de\/kinderhaus\/wp-json\/wp\/v2\/pages\/16\/revisions\/402"}],"wp:attachment":[{"href":"https:\/\/www.kinderhaus-knickweg.de\/kinderhaus\/wp-json\/wp\/v2\/media?parent=16"}],"curies":[{"name":"wp","href":"https:\/\/api.w.org\/{rel}","templated":true}]}}